{"id":2,"date":"2014-05-19T13:11:07","date_gmt":"2014-05-19T11:11:07","guid":{"rendered":"http:\/\/abi84.got.de\/?page_id=2"},"modified":"2014-08-20T21:29:40","modified_gmt":"2014-08-20T19:29:40","slug":"beispiel-seite","status":"publish","type":"page","link":"https:\/\/abi84.got.de\/?page_id=2","title":{"rendered":"Es ist wieder soweit"},"content":{"rendered":"<p>Hallo an alle aus dem Jahrgang 1984 vom PPG Mannheim-Sch\u00f6nau und an alle rund um diesen Jahrgang.<\/p>\n<p>Abtauchen hilft nicht. In diesem Jahr steht das 30. Abitreffen an. Und um dieses geb\u00fchrend zu begehen, haben wir beschlossen, uns darum zu k\u00fcmmern, einen passenden Termin und einen ebensolchen Ort zu finden.<\/p>\n<p>Und der Termin steht nun auch schon fest: es ist der <strong>18.10.2014<\/strong><\/p>\n<p>Die Abstimmung zu den\u00a0\u00a0<a title=\"Terminvorschl\u00e4ge zum Treffen\" href=\"http:\/\/doodle.com\/7q28zmnyngha5zca\" target=\"_blank\">Terminvorschl\u00e4gen<\/a>\u00a0 k\u00f6nnt Ihr in unserem Doodle ansehen. Der Ort ist schon (fast) sicher. Stay tuned.<\/p>\n<p>Wir konnten bislang nur an diejenigen eine Einladung verschicken, von denen wir aktuelle E-Mail-Adressen haben. Schaut doch bitte mal bei den <a title=\"Adressen\" href=\"http:\/\/abi84.got.de\/?page_id=4\">Adressen<\/a> nach, ob Ihr noch E-Mail-Adressen kennt, die wir noch nicht in der Liste haben &#8211; und ob Eure eigene E-Mailadresse stimmt! Und schaut bei der Gelegenheit doch bitte auch gleich, ob wir jemanden vergessen haben. Ach ja, die Adressen sind passwordgesch\u00fctzt. Aber wenn Ihr Euch noch an den Namen unseres Schulleiters erinnert, sollte Euch das vor keine Probleme stellen. (Der erste Buchstabe ist ein &#8222;\u00f6&#8220;, alle Buchstaben klein!)<\/p>\n<p>Mails mit den Erg\u00e4nzungen und Hinweisen dann bitte an die abitreffen(at)abi84(dot)got(dot)de<br \/>\nKommentare zu allen Eintr\u00e4gen sind auch m\u00f6glich. \u00dcberlegt Euch, ob Ihr darin dann E-Mail-Adressen verwenden und f\u00fcr alle im Internet sichtbar machen wollt.<\/p>\n<p>Mimi und Frank<\/p>\n","protected":false},"excerpt":{"rendered":"<p>Hallo an alle aus dem Jahrgang 1984 vom PPG Mannheim-Sch\u00f6nau und an alle rund um diesen Jahrgang. Abtauchen hilft nicht. In diesem Jahr steht das 30. Abitreffen an. Und um dieses geb\u00fchrend zu begehen, haben wir beschlossen, uns darum zu k\u00fcmmern, einen passenden Termin und einen ebensolchen Ort zu finden. Und der Termin steht nun &hellip; <a href=\"https:\/\/abi84.got.de\/?page_id=2\" class=\"more-link\"><span class=\"screen-reader-text\">Es ist wieder soweit<\/span> weiterlesen <span class=\"meta-nav\">&rarr;<\/span><\/a><\/p>\n","protected":false},"author":1,"featured_media":0,"parent":0,"menu_order":1,"comment_status":"open","ping_status":"closed","template":"","meta":[],"_links":{"self":[{"href":"https:\/\/abi84.got.de\/index.php?rest_route=\/wp\/v2\/pages\/2"}],"collection":[{"href":"https:\/\/abi84.got.de\/index.php?rest_route=\/wp\/v2\/pages"}],"about":[{"href":"https:\/\/abi84.got.de\/index.php?rest_route=\/wp\/v2\/types\/page"}],"author":[{"embeddable":true,"href":"https:\/\/abi84.got.de\/index.php?rest_route=\/wp\/v2\/users\/1"}],"replies":[{"embeddable":true,"href":"https:\/\/abi84.got.de\/index.php?rest_route=%2Fwp%2Fv2%2Fcomments&post=2"}],"version-history":[{"count":13,"href":"https:\/\/abi84.got.de\/index.php?rest_route=\/wp\/v2\/pages\/2\/revisions"}],"predecessor-version":[{"id":70,"href":"https:\/\/abi84.got.de\/index.php?rest_route=\/wp\/v2\/pages\/2\/revisions\/70"}],"wp:attachment":[{"href":"https:\/\/abi84.got.de\/index.php?rest_route=%2Fwp%2Fv2%2Fmedia&parent=2"}],"curies":[{"name":"wp","href":"https:\/\/api.w.org\/{rel}","templated":true}]}}